{"id":1638,"date":"2017-02-11T11:46:15","date_gmt":"2017-02-11T11:46:15","guid":{"rendered":"http:\/\/consulting.stylemixthemes.com\/demo\/?page_id=1638"},"modified":"2023-10-30T22:20:49","modified_gmt":"2023-10-30T22:20:49","slug":"contacto","status":"publish","type":"page","link":"https:\/\/cicmachining.com\/index.php\/contacto\/","title":{"rendered":"Cont\u00e1ctanos"},"content":{"rendered":"<p>[vc_row css=&#8221;.vc_custom_1485423383193{margin-bottom: 20px !important;}&#8221;][vc_column css=&#8221;.vc_custom_1485424286916{margin-bottom: 30px !important;}&#8221; offset=&#8221;vc_col-lg-4&#8243;][vc_column_text el_class=&#8221;border_base_color&#8221; css=&#8221;.vc_custom_1594249347762{margin-bottom: 28px !important;border-bottom-width: 3px !important;padding-bottom: 32px !important;border-bottom-color: #002e5b !important;border-bottom-style: solid !important;}&#8221;]<span style=\"font-family: Montserrat; color: #444444; font-size: 16px; letter-spacing: -0.4px;\"><br \/>\nH\u00e1ganos saber si tiene alguna pregunta, desea dejar un comentario o desea obtener m\u00e1s informaci\u00f3n.<\/span>[\/vc_column_text][stm_contacts_widget style=&#8221;style_4&#8243; email=&#8221;contact@cicmachining.com&#8221; title=&#8221;Detalles de Contacto&#8221; address=&#8221;Topia 419 Parque Industrial Lagunero, G\u00f3mez Palacio Durango, M\u00e9xico CP. 35070&#8243; phone=&#8221;(871) 688 1802&#8243; facebook=&#8221;#&#8221; twitter=&#8221;#&#8221; phone_two=&#8221;(871) 719 2350&#8243;][\/vc_column][vc_column css=&#8221;.vc_custom_1485424295749{margin-bottom: 30px !important;}&#8221; offset=&#8221;vc_col-lg-8&#8243;]<div role=\"form\" class=\"wpcf7\" id=\"wpcf7-f1634-o1\" lang=\"en-US\" dir=\"ltr\">\n<div class=\"screen-reader-response\"><p role=\"status\" aria-live=\"polite\" aria-atomic=\"true\"><\/p> <ul><\/ul><\/div>\n<form action=\"\/index.php\/wp-json\/wp\/v2\/pages\/1638#wpcf7-f1634-o1\" method=\"post\" class=\"wpcf7-form init\" novalidate=\"novalidate\" data-status=\"init\">\n<div style=\"display: none;\">\n<input type=\"hidden\" name=\"_wpcf7\" value=\"1634\" \/>\n<input type=\"hidden\" name=\"_wpcf7_version\" value=\"5.4.1\" \/>\n<input type=\"hidden\" name=\"_wpcf7_locale\" value=\"en_US\" \/>\n<input type=\"hidden\" name=\"_wpcf7_unit_tag\" value=\"wpcf7-f1634-o1\" \/>\n<input type=\"hidden\" name=\"_wpcf7_container_post\" value=\"0\" \/>\n<input type=\"hidden\" name=\"_wpcf7_posted_data_hash\" value=\"\" \/>\n<input type=\"hidden\" name=\"_wpcf7_recaptcha_response\" value=\"\" \/>\n<\/div>\n<div class=\"request_callback\">\n<div class=\"row\">\n<div class=\"col-lg-6 col-md-6 col-sm-6 col-xs-12\">\n<div class=\"input-group\">\n                <span class=\"wpcf7-form-control-wrap text-name\"><input type=\"text\" name=\"text-name\" value=\"\" size=\"40\" class=\"wpcf7-form-control wpcf7-text wpcf7-validates-as-required\" aria-required=\"true\" aria-invalid=\"false\" placeholder=\"Nombre *\" \/><\/span>\n            <\/div>\n<div class=\"input-group\">\n                <span class=\"wpcf7-form-control-wrap company\"><input type=\"text\" name=\"company\" value=\"\" size=\"40\" class=\"wpcf7-form-control wpcf7-text\" aria-invalid=\"false\" placeholder=\"Compa\u00f1ia\" \/><\/span>\n            <\/div>\n<div class=\"input-group\">\n                <span class=\"wpcf7-form-control-wrap email\"><input type=\"email\" name=\"email\" value=\"\" size=\"40\" class=\"wpcf7-form-control wpcf7-text wpcf7-email wpcf7-validates-as-required wpcf7-validates-as-email\" aria-required=\"true\" aria-invalid=\"false\" placeholder=\"E-mail *\" \/><\/span>\n            <\/div>\n<div class=\"input-group\">\n                <span class=\"wpcf7-form-control-wrap menu-774\"><select name=\"menu-774\" class=\"wpcf7-form-control wpcf7-select wpcf7-validates-as-required\" aria-required=\"true\" aria-invalid=\"false\"><option value=\"\">Raz\u00f3n de contacto*<\/option><option value=\"Cotizaci\u00f3n\">Cotizaci\u00f3n<\/option><option value=\"Informaci\u00f3n extra\">Informaci\u00f3n extra<\/option><\/select><\/span>\n            <\/div>\n<\/div>\n<div class=\"col-lg-6 col-md-6 col-sm-6 col-xs-12\">\n<div class=\"input-group\">\n                <span class=\"wpcf7-form-control-wrap subject\"><input type=\"text\" name=\"subject\" value=\"\" size=\"40\" class=\"wpcf7-form-control wpcf7-text wpcf7-validates-as-required\" aria-required=\"true\" aria-invalid=\"false\" placeholder=\"Asunto*\" \/><\/span>\n            <\/div>\n<div class=\"input-group\">\n                <span class=\"wpcf7-form-control-wrap message\"><textarea name=\"message\" cols=\"40\" rows=\"10\" class=\"wpcf7-form-control wpcf7-textarea wpcf7-validates-as-required\" aria-required=\"true\" aria-invalid=\"false\" placeholder=\"Mensaje *\"><\/textarea><\/span>\n            <\/div>\n<div class=\"input-group\">\n                <button type=\"submit\" class=\"button size-lg icon_right\">Enviar <i class=\"fa fa-chevron-right\"><\/i><\/button>\n            <\/div>\n<\/div>\n<\/div>\n<\/div>\n<div class=\"wpcf7-response-output\" aria-hidden=\"true\"><\/div><\/form><\/div>[\/vc_column][\/vc_row][vc_row full_width=&#8221;stretch_row_content_no_spaces&#8221; css=&#8221;.vc_custom_1485423323752{margin-bottom: -60px !important;}&#8221;][vc_column][vc_gmaps link=&#8221;#E-8_JTNDaWZyYW1lJTIwc3JjJTNEJTIyaHR0cHMlM0ElMkYlMkZ3d3cuZ29vZ2xlLmNvbSUyRm1hcHMlMkZlbWJlZCUzRnBiJTNEJTIxMW0xOCUyMTFtMTIlMjExbTMlMjExZDM1OTkuMTUxNTgwMjQ4MDc2MiUyMTJkLTEwMy40NjcyMTUyODQ2Mzk2OSUyMTNkMjUuNTY2NjIzMjgzNzI1NzIyJTIxMm0zJTIxMWYwJTIxMmYwJTIxM2YwJTIxM20yJTIxMWkxMDI0JTIxMmk3NjglMjE0ZjEzLjElMjEzbTMlMjExbTIlMjExczB4ODY4ZmQ5OWE4ZGE0MjVmNyUyNTNBMHgxNWJiODc2MjdlOGE3NGM2JTIxMnNUb3BpYSUyNTIwNDE5JTI1MkMlMjUyMEpvcyUyNUMzJTI1QTklMjUyMENhbXBpbGxvJTI1MjBTJTI1QzMlMjVBMWVueiUyNTJDJTI1MjAzNTA3OCUyNTIwRyUyNUMzJTI1QjNtZXolMjUyMFBhbGFjaW8lMjUyQyUyNTIwRGdvLiUyMTVlMCUyMTNtMiUyMTFzZXMtNDE5JTIxMnNteCUyMTR2MTU3OTE5NDg0OTg3OCUyMTVtMiUyMTFzZXMtNDE5JTIxMnNteCUyMiUyMHdpZHRoJTNEJTIyMTAwJTI1JTIyJTIwaGVpZ2h0JTNEJTIyMzgycHglMjIlMjBmcmFtZWJvcmRlciUzRCUyMjAlMjIlMjBzdHlsZSUzRCUyMmJvcmRlciUzQTAlMjIlMjBhbGxvd2Z1bGxzY3JlZW4lM0UlM0MlMkZpZnJhbWUlM0U=&#8221;][\/vc_column][\/vc_row][vc_row][vc_column][vc_column_text][\/vc_column_text][\/vc_column][\/vc_row]<\/p>\n","protected":false},"excerpt":{"rendered":"<p>[vc_row css=&#8221;.vc_custom_1485423383193{margin-bottom: 20px !important;}&#8221;][vc_column css=&#8221;.vc_custom_1485424286916{margin-bottom: 30px !important;}&#8221; offset=&#8221;vc_col-lg-4&#8243;][vc_column_text el_class=&#8221;border_base_color&#8221; css=&#8221;.vc_custom_1594249347762{margin-bottom: 28px !important;border-bottom-width: 3px !important;padding-bottom: 32px !important;border-bottom-color: #002e5b !important;border-bottom-style: solid !important;}&#8221;] H\u00e1ganos saber si tiene alguna pregunta, desea dejar un comentario o desea obtener m\u00e1s informaci\u00f3n.[\/vc_column_text][stm_contacts_widget style=&#8221;style_4&#8243; email=&#8221;contact@cicmachining.com&#8221; title=&#8221;Detalles de Contacto&#8221; address=&#8221;Topia 419 Parque Industrial Lagunero, G\u00f3mez Palacio Durango, M\u00e9xico CP. 35070&#8243; phone=&#8221;(871) 688 1802&#8243; facebook=&#8221;#&#8221;<\/p>\n","protected":false},"author":3,"featured_media":0,"parent":0,"menu_order":0,"comment_status":"closed","ping_status":"closed","template":"","meta":{"_monsterinsights_skip_tracking":false,"_monsterinsights_sitenote_active":false,"_monsterinsights_sitenote_note":"","_monsterinsights_sitenote_category":0,"spay_email":""},"_links":{"self":[{"href":"https:\/\/cicmachining.com\/index.php\/wp-json\/wp\/v2\/pages\/1638"}],"collection":[{"href":"https:\/\/cicmachining.com\/index.php\/wp-json\/wp\/v2\/pages"}],"about":[{"href":"https:\/\/cicmachining.com\/index.php\/wp-json\/wp\/v2\/types\/page"}],"author":[{"embeddable":true,"href":"https:\/\/cicmachining.com\/index.php\/wp-json\/wp\/v2\/users\/3"}],"replies":[{"embeddable":true,"href":"https:\/\/cicmachining.com\/index.php\/wp-json\/wp\/v2\/comments?post=1638"}],"version-history":[{"count":6,"href":"https:\/\/cicmachining.com\/index.php\/wp-json\/wp\/v2\/pages\/1638\/revisions"}],"predecessor-version":[{"id":2182,"href":"https:\/\/cicmachining.com\/index.php\/wp-json\/wp\/v2\/pages\/1638\/revisions\/2182"}],"wp:attachment":[{"href":"https:\/\/cicmachining.com\/index.php\/wp-json\/wp\/v2\/media?parent=1638"}],"curies":[{"name":"wp","href":"https:\/\/api.w.org\/{rel}","templated":true}]}}