{"id":1568,"date":"2015-12-15T07:37:33","date_gmt":"2015-12-15T07:37:33","guid":{"rendered":"http:\/\/consulting.stylemixthemes.com\/?page_id=9"},"modified":"2021-04-14T17:26:40","modified_gmt":"2021-04-14T17:26:40","slug":"nuestraempresa","status":"publish","type":"page","link":"https:\/\/cicmachining.com\/index.php\/nuestraempresa\/","title":{"rendered":"Nuestra empresa"},"content":{"rendered":"<p>[vc_row css=&#8221;.vc_custom_1451991003825{margin-bottom: 100px !important;}&#8221;][vc_column offset=&#8221;vc_col-lg-9 vc_col-md-9&#8243;][vc_column_text css=&#8221;.vc_custom_1586195446886{margin-top: 40px !important;}&#8221;]<\/p>\n<h3>Historia<\/h3>\n<p>CICMA Machining es una compa\u00f1\u00eda que inici\u00f3 operaciones en el a\u00f1o 2003 en el centro de M\u00e9xico, posteriormente se traslad\u00f3 al norte de M\u00e9xico estableci\u00e9ndose en G\u00f3mez Palacio, Durango. Sus comienzos fueron en la manufactura de partes tipo suizo, siempre cumpliendo con las especificaciones del cliente.<\/p>\n<h3>Misi\u00f3n<\/h3>\n<p>Cicma machining somos una empresa de fabricaci\u00f3n de piezas especiales donde la precisi\u00f3n es nuestro enfoque y la calidad nuestra principal Herramienta. Nuestros clientes internos y externos son nuestra prioridad.<\/p>\n<h3>Visi\u00f3n<\/h3>\n<p>Marcar rumbo en M\u00e9xico al ser una de las m\u00e1s confiables compa\u00f1\u00edas ofreciendo productos de excelente calidad, tecnolog\u00eda de vanguardia y compromiso total con nuestros actuales y futuros clientes, consolid\u00e1ndonos para hacer llegar nuestros productos a otros pa\u00edses.[\/vc_column_text][vc_column_text css=&#8221;.vc_custom_1579909925671{margin-bottom: 34px !important;}&#8221;]<\/p>\n<blockquote><p>En CICMA Machining buscamos la innovaci\u00f3n de nuestros procesos e identificamos los proyectos de inversi\u00f3n para obtener el m\u00e1ximo de nuestros clientes.<\/p><\/blockquote>\n<p>[\/vc_column_text][vc_row_inner][vc_column_inner width=&#8221;1\/2&#8243;][vc_custom_heading text=&#8221;Valores&#8221; font_container=&#8221;tag:h4|text_align:left|color:%23222222&#8243; use_theme_fonts=&#8221;yes&#8221; css=&#8221;.vc_custom_1579909850807{margin-bottom: 15px !important;}&#8221; el_class=&#8221;no_stripe&#8221;][vc_column_text]<\/p>\n<ul>\n<li>Transparencia<\/li>\n<li>Lealtad<\/li>\n<li>Colaboraci\u00f3n<\/li>\n<li>Cumplimiento<\/li>\n<li>Seguridad en el empleo<\/li>\n<li>Compromiso<\/li>\n<li>Desaf\u00edos<\/li>\n<li>Liderazgo<\/li>\n<li>Reconocimiento<\/li>\n<li>Empat\u00eda<\/li>\n<li>Tecnolog\u00eda<\/li>\n<li>B\u00fasquedas relacionadas<\/li>\n<li>Medio Ambiente<\/li>\n<\/ul>\n<p>[\/vc_column_text][\/vc_column_inner][vc_column_inner width=&#8221;1\/2&#8243;][\/vc_column_inner][\/vc_row_inner][vc_custom_heading text=&#8221;Nuestro Trabajo&#8221; font_container=&#8221;tag:h4|text_align:left|color:%23222222&#8243; use_theme_fonts=&#8221;yes&#8221; css=&#8221;.vc_custom_1579909832633{margin-bottom: 28px !important;}&#8221; el_class=&#8221;no_stripe&#8221;][vc_gallery type=&#8221;slick_slider_2&#8243; images=&#8221;2041,2040,2039,2038,2037,2036,2035,2034,2033,2032,2031,2030,2029,2028,2027,2026,2025,2024,2023,2022,2021,2020,2019,2018,2017,2016,2015,2014,2013,2012,2011,2010,2009,2008,2007,2006,2005,2004,2003,2002,2001,2000,1999,1998,1997,1996,1995,1994,1993,1992,1991,1990,1989,1988,1987,1986&#8243; img_size=&#8221;large&#8221;][\/vc_column][\/vc_row]<\/p>\n","protected":false},"excerpt":{"rendered":"<p>[vc_row css=&#8221;.vc_custom_1451991003825{margin-bottom: 100px !important;}&#8221;][vc_column offset=&#8221;vc_col-lg-9 vc_col-md-9&#8243;][vc_column_text css=&#8221;.vc_custom_1586195446886{margin-top: 40px !important;}&#8221;] Historia CICMA Machining es una compa\u00f1\u00eda que inici\u00f3 operaciones en el a\u00f1o 2003 en el centro de M\u00e9xico, posteriormente se traslad\u00f3 al norte de M\u00e9xico estableci\u00e9ndose en G\u00f3mez Palacio, Durango. Sus comienzos fueron en la manufactura de partes tipo suizo, siempre cumpliendo con las especificaciones del<\/p>\n","protected":false},"author":3,"featured_media":0,"parent":0,"menu_order":0,"comment_status":"closed","ping_status":"closed","template":"","meta":{"_monsterinsights_skip_tracking":false,"_monsterinsights_sitenote_active":false,"_monsterinsights_sitenote_note":"","_monsterinsights_sitenote_category":0,"spay_email":""},"_links":{"self":[{"href":"https:\/\/cicmachining.com\/index.php\/wp-json\/wp\/v2\/pages\/1568"}],"collection":[{"href":"https:\/\/cicmachining.com\/index.php\/wp-json\/wp\/v2\/pages"}],"about":[{"href":"https:\/\/cicmachining.com\/index.php\/wp-json\/wp\/v2\/types\/page"}],"author":[{"embeddable":true,"href":"https:\/\/cicmachining.com\/index.php\/wp-json\/wp\/v2\/users\/3"}],"replies":[{"embeddable":true,"href":"https:\/\/cicmachining.com\/index.php\/wp-json\/wp\/v2\/comments?post=1568"}],"version-history":[{"count":9,"href":"https:\/\/cicmachining.com\/index.php\/wp-json\/wp\/v2\/pages\/1568\/revisions"}],"predecessor-version":[{"id":1980,"href":"https:\/\/cicmachining.com\/index.php\/wp-json\/wp\/v2\/pages\/1568\/revisions\/1980"}],"wp:attachment":[{"href":"https:\/\/cicmachining.com\/index.php\/wp-json\/wp\/v2\/media?parent=1568"}],"curies":[{"name":"wp","href":"https:\/\/api.w.org\/{rel}","templated":true}]}}